{"id":192,"date":"2024-06-20T19:55:50","date_gmt":"2024-06-20T19:55:50","guid":{"rendered":"https:\/\/lenirwitzke.com\/wfe\/?page_id=192"},"modified":"2024-07-24T10:25:39","modified_gmt":"2024-07-24T10:25:39","slug":"blog","status":"publish","type":"page","link":"https:\/\/lenirwitzke.com\/wfe\/blog\/","title":{"rendered":"Blog"},"content":{"rendered":"\n<div class=\"wp-block-columns are-vertically-aligned-center has-link-color-background-color has-background is-layout-flex wp-container-core-columns-is-layout-6c8c3536 wp-block-columns-is-layout-flex\" style=\"border-radius:20px;padding-top:var(--wp--preset--spacing--30);padding-right:var(--wp--preset--spacing--20);padding-bottom:var(--wp--preset--spacing--30);padding-left:var(--wp--preset--spacing--20)\">\n<div class=\"wp-block-column is-vertically-aligned-center is-layout-flow wp-block-column-is-layout-flow\"><div class=\"root-eb-post-grid-2gxl5 wp-block-essential-blocks-post-grid\">\n    <div class=\"eb-parent-wrapper eb-parent-eb-post-grid-2gxl5 \">\n        <div class=\"eb-post-grid-2gxl5 style-2  eb-post-grid-wrapper\"\n            data-id=\"eb-post-grid-2gxl5\"\n            data-querydata=\"{&quot;source&quot;:&quot;post&quot;,&quot;sourceIndex&quot;:0,&quot;rest_base&quot;:&quot;posts&quot;,&quot;rest_namespace&quot;:&quot;wp\\\/v2&quot;,&quot;author&quot;:&quot;&quot;,&quot;taxonomies&quot;:{&quot;category&quot;:{&quot;name&quot;:&quot;Categorias&quot;,&quot;rest_base&quot;:&quot;categories&quot;,&quot;rest_namespace&quot;:&quot;wp\\\/v2&quot;,&quot;slug&quot;:&quot;category&quot;,&quot;value&quot;:&quot;[{\\&quot;value\\&quot;:17,\\&quot;label\\&quot;:\\&quot;BLOG\\&quot;}]&quot;}},&quot;per_page&quot;:&quot;6&quot;,&quot;offset&quot;:&quot;0&quot;,&quot;orderby&quot;:&quot;date&quot;,&quot;order&quot;:&quot;desc&quot;,&quot;include&quot;:&quot;&quot;,&quot;exclude&quot;:&quot;&quot;,&quot;exclude_current&quot;:false,&quot;exclude_password_protected&quot;:false}\"\n            data-attributes=\"{&quot;thumbnailSize&quot;:&quot;&quot;,&quot;loadMoreOptions&quot;:{&quot;enableMorePosts&quot;:true,&quot;loadMoreType&quot;:&quot;1&quot;,&quot;loadMoreButtonTxt&quot;:&quot;Carica pi\\u00f9 articoli&quot;,&quot;alignment&quot;:&quot;center&quot;,&quot;prevTxt&quot;:&quot;&lt;&quot;,&quot;nextTxt&quot;:&quot;&gt;&quot;,&quot;totalPosts&quot;:12},&quot;showSearch&quot;:false,&quot;showTaxonomyFilter&quot;:false,&quot;enableAjaxSearch&quot;:false,&quot;addIcon&quot;:false,&quot;iconPosition&quot;:&quot;left&quot;,&quot;icon&quot;:&quot;fas fa-chevron-right&quot;,&quot;preset&quot;:&quot;style-2&quot;,&quot;defaultFilter&quot;:&quot;all&quot;,&quot;version&quot;:&quot;v2&quot;,&quot;showBlockContent&quot;:true,&quot;showThumbnail&quot;:true,&quot;showTitle&quot;:true,&quot;titleLength&quot;:&quot;&quot;,&quot;titleTag&quot;:&quot;h2&quot;,&quot;showContent&quot;:true,&quot;contentLength&quot;:20,&quot;expansionIndicator&quot;:&quot;...&quot;,&quot;showReadMore&quot;:true,&quot;readmoreText&quot;:&quot; Continua&quot;,&quot;showMeta&quot;:false,&quot;headerMeta&quot;:&quot;[{\\&quot;value\\&quot;:\\&quot;date\\&quot;,\\&quot;label\\&quot;:\\&quot;Published Date\\&quot;}]&quot;,&quot;footerMeta&quot;:&quot;[{\\&quot;value\\&quot;:\\&quot;avatar\\&quot;,\\&quot;label\\&quot;:\\&quot;Author Avatar\\&quot;},{\\&quot;value\\&quot;:\\&quot;author\\&quot;,\\&quot;label\\&quot;:\\&quot;Author Name\\&quot;}]&quot;,&quot;authorPrefix&quot;:&quot;by&quot;,&quot;datePrefix&quot;:&quot;on&quot;}\">\n\n            \n\n            <div class=\"eb-post-grid-posts-wrapper\"><article class=\"ebpg-grid-post ebpg-post-grid-column\" data-id=\"572\"><div class=\"ebpg-grid-post-holder\"><div class=\"ebpg-entry-wrapper\"><div class=\"ebpg-entry-media\">\n                <div class=\"ebpg-entry-thumbnail\">\n                    <a class=\"ebpg-post-link-wrapper eb-sr-only\" href=\"https:\/\/lenirwitzke.com\/wfe\/cilento-fest-2024-ospiti-programma-curiosita\/\">CILENTO FEST 2024, OSPITI, PROGRAMMA, CURIOSITA&#8217;<\/a>\n                    <img loading=\"lazy\" decoding=\"async\" width=\"1600\" height=\"1200\" src=\"https:\/\/lenirwitzke.com\/wfe\/wp-content\/uploads\/2024\/08\/962ef0d8-02a2-4089-9ea4-b7816380a013.jpeg\" class=\"attachment- size- wp-post-image\" alt=\"\" \/>\n                <\/div>\n            <\/div><header class=\"ebpg-entry-header\">\n            <h2 class=\"ebpg-entry-title\">\n                <a class=\"ebpg-grid-post-link\" href=\"https:\/\/lenirwitzke.com\/wfe\/cilento-fest-2024-ospiti-programma-curiosita\/\" title=\"CILENTO FEST 2024, OSPITI, PROGRAMMA, CURIOSITA&#039;\">CILENTO FEST 2024, OSPITI, PROGRAMMA, CURIOSITA&#8217;<\/a>\n            <\/h2>\n        <\/header><div class=\"ebpg-entry-content\"><div class=\"ebpg-grid-post-excerpt\">\n            <p>\ud83c\udfa5 Con il lancio sui social del videospot \u201cRiapriamo i sogni\u201d, in cui un bambino nel silenzio della controra di&#8230;<\/p>\n        <\/div><div class=\"ebpg-readmore-btn\">\n            <a href=\"https:\/\/lenirwitzke.com\/wfe\/cilento-fest-2024-ospiti-programma-curiosita\/\">  Continua <\/a>\n        <\/div><\/div><\/div><\/div><\/article><article class=\"ebpg-grid-post ebpg-post-grid-column\" data-id=\"555\"><div class=\"ebpg-grid-post-holder\"><div class=\"ebpg-entry-wrapper\"><div class=\"ebpg-entry-media\">\n                <div class=\"ebpg-entry-thumbnail\">\n                    <a class=\"ebpg-post-link-wrapper eb-sr-only\" href=\"https:\/\/lenirwitzke.com\/wfe\/waylight-gallery-arts-artists\/\">Waylight Gallery &#8211; ARTS &amp; ARTISTS<\/a>\n                    <img loading=\"lazy\" decoding=\"async\" width=\"729\" height=\"415\" src=\"https:\/\/lenirwitzke.com\/wfe\/wp-content\/uploads\/2024\/07\/WhatsApp-Image-2024-07-25-at-11.33.52.jpeg\" class=\"attachment- size- wp-post-image\" alt=\"\" \/>\n                <\/div>\n            <\/div><header class=\"ebpg-entry-header\">\n            <h2 class=\"ebpg-entry-title\">\n                <a class=\"ebpg-grid-post-link\" href=\"https:\/\/lenirwitzke.com\/wfe\/waylight-gallery-arts-artists\/\" title=\"Waylight Gallery - ARTS &amp; ARTISTS\">Waylight Gallery &#8211; ARTS &amp; ARTISTS<\/a>\n            <\/h2>\n        <\/header><div class=\"ebpg-entry-content\"><div class=\"ebpg-grid-post-excerpt\">\n            <p>Lisboa Portugal 2020Curadoria Geni Settani&#8230;<\/p>\n        <\/div><div class=\"ebpg-readmore-btn\">\n            <a href=\"https:\/\/lenirwitzke.com\/wfe\/waylight-gallery-arts-artists\/\">  Continua <\/a>\n        <\/div><\/div><\/div><\/div><\/article><article class=\"ebpg-grid-post ebpg-post-grid-column\" data-id=\"472\"><div class=\"ebpg-grid-post-holder\"><div class=\"ebpg-entry-wrapper\"><div class=\"ebpg-entry-media\">\n                <div class=\"ebpg-entry-thumbnail\">\n                    <a class=\"ebpg-post-link-wrapper eb-sr-only\" href=\"https:\/\/lenirwitzke.com\/wfe\/serie-vida-liquida\/\">Serie &#8220;Vita L\u00edquida&#8221;<\/a>\n                    <img loading=\"lazy\" decoding=\"async\" width=\"1080\" height=\"1080\" src=\"https:\/\/lenirwitzke.com\/wfe\/wp-content\/uploads\/2024\/06\/7.png\" class=\"attachment- size- wp-post-image\" alt=\"\" \/>\n                <\/div>\n            <\/div><header class=\"ebpg-entry-header\">\n            <h2 class=\"ebpg-entry-title\">\n                <a class=\"ebpg-grid-post-link\" href=\"https:\/\/lenirwitzke.com\/wfe\/serie-vida-liquida\/\" title=\"Serie &quot;Vita L\u00edquida&quot;\">Serie &#8220;Vita L\u00edquida&#8221;<\/a>\n            <\/h2>\n        <\/header><div class=\"ebpg-entry-content\"><div class=\"ebpg-grid-post-excerpt\">\n            <p>La serie &#8220;Vita L\u00edquida&#8221; \u00e8 stata iniziata da me in un momento in cui il mio paese, il Brasile, stava&#8230;<\/p>\n        <\/div><div class=\"ebpg-readmore-btn\">\n            <a href=\"https:\/\/lenirwitzke.com\/wfe\/serie-vida-liquida\/\">  Continua <\/a>\n        <\/div><\/div><\/div><\/div><\/article><article class=\"ebpg-grid-post ebpg-post-grid-column\" data-id=\"466\"><div class=\"ebpg-grid-post-holder\"><div class=\"ebpg-entry-wrapper\"><div class=\"ebpg-entry-media\">\n                <div class=\"ebpg-entry-thumbnail\">\n                    <a class=\"ebpg-post-link-wrapper eb-sr-only\" href=\"https:\/\/lenirwitzke.com\/wfe\/paesaggio-mitico-immaginario-e-cultura-amazzonica\/\">&#8220;Paesaggio mitico: immaginario e cultura amazzonica&#8221;<\/a>\n                    <img loading=\"lazy\" decoding=\"async\" width=\"1080\" height=\"1080\" src=\"https:\/\/lenirwitzke.com\/wfe\/wp-content\/uploads\/2024\/06\/Yara-Dea-del-acqua.png\" class=\"attachment- size- wp-post-image\" alt=\"\" \/>\n                <\/div>\n            <\/div><header class=\"ebpg-entry-header\">\n            <h2 class=\"ebpg-entry-title\">\n                <a class=\"ebpg-grid-post-link\" href=\"https:\/\/lenirwitzke.com\/wfe\/paesaggio-mitico-immaginario-e-cultura-amazzonica\/\" title=\"&quot;Paesaggio mitico: immaginario e cultura amazzonica&quot;\">&#8220;Paesaggio mitico: immaginario e cultura amazzonica&#8221;<\/a>\n            <\/h2>\n        <\/header><div class=\"ebpg-entry-content\"><div class=\"ebpg-grid-post-excerpt\">\n            <p>Gli elementi della cultura amazzonica sono costituiti da molteplici&nbsp; sensorialit\u00e0 ed esperienze, un universo contrasegnato come luogo de identit\u00e0 multiple&#8230;<\/p>\n        <\/div><div class=\"ebpg-readmore-btn\">\n            <a href=\"https:\/\/lenirwitzke.com\/wfe\/paesaggio-mitico-immaginario-e-cultura-amazzonica\/\">  Continua <\/a>\n        <\/div><\/div><\/div><\/div><\/article><article class=\"ebpg-grid-post ebpg-post-grid-column\" data-id=\"343\"><div class=\"ebpg-grid-post-holder\"><div class=\"ebpg-entry-wrapper\"><div class=\"ebpg-entry-media\">\n                <div class=\"ebpg-entry-thumbnail\">\n                    <a class=\"ebpg-post-link-wrapper eb-sr-only\" href=\"https:\/\/lenirwitzke.com\/wfe\/arte-contemporanea-parte-iv-o-mundo-expresso-atraves-do-olhar-do-artista\/\">Arte Contempor\u00e2nea Parte IV &#8211; O Mundo expresso atrav\u00e9s do olhar do artista<\/a>\n                    <img loading=\"lazy\" decoding=\"async\" width=\"618\" height=\"548\" src=\"https:\/\/lenirwitzke.com\/wfe\/wp-content\/uploads\/2024\/07\/blog-arte-contemporanea4.png\" class=\"attachment- size- wp-post-image\" alt=\"\" \/>\n                <\/div>\n            <\/div><header class=\"ebpg-entry-header\">\n            <h2 class=\"ebpg-entry-title\">\n                <a class=\"ebpg-grid-post-link\" href=\"https:\/\/lenirwitzke.com\/wfe\/arte-contemporanea-parte-iv-o-mundo-expresso-atraves-do-olhar-do-artista\/\" title=\"Arte Contempor\u00e2nea Parte IV - O Mundo expresso atrav\u00e9s do olhar do artista\">Arte Contempor\u00e2nea Parte IV &#8211; O Mundo expresso atrav\u00e9s do olhar do artista<\/a>\n            <\/h2>\n        <\/header><div class=\"ebpg-entry-content\"><div class=\"ebpg-grid-post-excerpt\">\n            <p>\u201cA arte como express\u00e3o n\u00e3o \u00e9 apenas alegoria e s\u00edmbolo. \u00c9 algo mais profundo, pois procura exprimir o mundo atrav\u00e9s&#8230;<\/p>\n        <\/div><div class=\"ebpg-readmore-btn\">\n            <a href=\"https:\/\/lenirwitzke.com\/wfe\/arte-contemporanea-parte-iv-o-mundo-expresso-atraves-do-olhar-do-artista\/\">  Continua <\/a>\n        <\/div><\/div><\/div><\/div><\/article><article class=\"ebpg-grid-post ebpg-post-grid-column\" data-id=\"339\"><div class=\"ebpg-grid-post-holder\"><div class=\"ebpg-entry-wrapper\"><div class=\"ebpg-entry-media\">\n                <div class=\"ebpg-entry-thumbnail\">\n                    <a class=\"ebpg-post-link-wrapper eb-sr-only\" href=\"https:\/\/lenirwitzke.com\/wfe\/arte-contemporanea-parte-3-arte-e-sociedade\/\">Arte Contempor\u00e2nea Parte III &#8211; Arte e Sociedade<\/a>\n                    <img loading=\"lazy\" decoding=\"async\" width=\"1008\" height=\"518\" src=\"https:\/\/lenirwitzke.com\/wfe\/wp-content\/uploads\/2024\/07\/blog-arte-contemporanea3.png\" class=\"attachment- size- wp-post-image\" alt=\"\" \/>\n                <\/div>\n            <\/div><header class=\"ebpg-entry-header\">\n            <h2 class=\"ebpg-entry-title\">\n                <a class=\"ebpg-grid-post-link\" href=\"https:\/\/lenirwitzke.com\/wfe\/arte-contemporanea-parte-3-arte-e-sociedade\/\" title=\"Arte Contempor\u00e2nea Parte III - Arte e Sociedade\">Arte Contempor\u00e2nea Parte III &#8211; Arte e Sociedade<\/a>\n            <\/h2>\n        <\/header><div class=\"ebpg-entry-content\"><div class=\"ebpg-grid-post-excerpt\">\n            <p>O campo da arte se torna cada vez mais amplo e sem fronteiras, por isso a mudan\u00e7a significa uma reforma&#8230;<\/p>\n        <\/div><div class=\"ebpg-readmore-btn\">\n            <a href=\"https:\/\/lenirwitzke.com\/wfe\/arte-contemporanea-parte-3-arte-e-sociedade\/\">  Continua <\/a>\n        <\/div><\/div><\/div><\/div><\/article><\/div><div class=\"ebpostgrid-pagination ebpg-pagination \"><button class=\"btn ebpg-pagination-button\" data-pagenumber=\"1\">Carica pi\u00f9 articoli<\/button><\/div>        <\/div>\n    <\/div>\n<\/div>\n<\/div>\n<\/div>\n","protected":false},"excerpt":{"rendered":"","protected":false},"author":1,"featured_media":0,"parent":0,"menu_order":0,"comment_status":"closed","ping_status":"closed","template":"","meta":{"_eb_attr":"","_joinchat":[],"footnotes":""},"class_list":["post-192","page","type-page","status-publish","hentry"],"_links":{"self":[{"href":"https:\/\/lenirwitzke.com\/wfe\/wp-json\/wp\/v2\/pages\/192","targetHints":{"allow":["GET"]}}],"collection":[{"href":"https:\/\/lenirwitzke.com\/wfe\/wp-json\/wp\/v2\/pages"}],"about":[{"href":"https:\/\/lenirwitzke.com\/wfe\/wp-json\/wp\/v2\/types\/page"}],"author":[{"embeddable":true,"href":"https:\/\/lenirwitzke.com\/wfe\/wp-json\/wp\/v2\/users\/1"}],"replies":[{"embeddable":true,"href":"https:\/\/lenirwitzke.com\/wfe\/wp-json\/wp\/v2\/comments?post=192"}],"version-history":[{"count":10,"href":"https:\/\/lenirwitzke.com\/wfe\/wp-json\/wp\/v2\/pages\/192\/revisions"}],"predecessor-version":[{"id":541,"href":"https:\/\/lenirwitzke.com\/wfe\/wp-json\/wp\/v2\/pages\/192\/revisions\/541"}],"wp:attachment":[{"href":"https:\/\/lenirwitzke.com\/wfe\/wp-json\/wp\/v2\/media?parent=192"}],"curies":[{"name":"wp","href":"https:\/\/api.w.org\/{rel}","templated":true}]}}